{"id":308,"date":"2026-03-29T16:52:33","date_gmt":"2026-03-29T14:52:33","guid":{"rendered":"https:\/\/theo.app.ndlpavranches.fr\/?page_id=308"},"modified":"2026-04-10T16:08:12","modified_gmt":"2026-04-10T14:08:12","slug":"veille-technologique","status":"publish","type":"page","link":"https:\/\/theo.app.ndlpavranches.fr\/?page_id=308","title":{"rendered":"Veille technologique"},"content":{"rendered":"\n<div class=\"wp-block-group is-vertical is-content-justification-stretch is-layout-flex wp-container-core-group-is-layout-353c4f5a wp-block-group-is-layout-flex\">\n<div class=\"wp-block-group is-vertical is-content-justification-stretch is-layout-flex wp-container-core-group-is-layout-353c4f5a wp-block-group-is-layout-flex\">\n<p>Dans le cadre de mon BTS, je dois r\u00e9aliser un portfolio ainsi que mettre en place une veille technologique sur un sujet en rapport avec mon projet professionnel avec le th\u00e8me de l&rsquo;informatique, j&rsquo;ai choisi comme sujet :<\/p>\n\n\n\n<p>L&rsquo;IA, les menace et ce qu&rsquo;elle peut apporter dans notre domaine d&rsquo;activit\u00e9s.<\/p>\n<\/div>\n\n\n\n<div class=\"wp-block-group is-vertical is-content-justification-stretch is-layout-flex wp-container-core-group-is-layout-353c4f5a wp-block-group-is-layout-flex\">\n<h2 class=\"wp-block-heading is-style-text-subtitle is-style-text-subtitle--1\">Pourquoi ce sujet plut\u00f4t qu&rsquo;un autre ? <\/h2>\n\n\n\n<p>C&rsquo;est parce que je souhaite \u00e9voluer dans le monde de la programmation, ce domaine d&rsquo;activit\u00e9 \u00e9tant menac\u00e9 ou risque de changer totalement avec les \u00e9volutions de l&rsquo;IA et son utilisation dans les entreprises, je me suis dit que ce serait le sujet le plus ad\u00e9quat pour une veille technologique en rapport avec mon projet professionnel.<\/p>\n<\/div>\n<\/div>\n\n\n\n<div style=\"height:20px\" aria-hidden=\"true\" class=\"wp-block-spacer\"><\/div>\n\n\n\n<hr class=\"wp-block-separator has-alpha-channel-opacity\"\/>\n\n\n\n<div style=\"height:20px\" aria-hidden=\"true\" class=\"wp-block-spacer\"><\/div>\n\n\n\n<div class=\"wp-block-group is-vertical is-content-justification-stretch is-layout-flex wp-container-core-group-is-layout-353c4f5a wp-block-group-is-layout-flex\">\n<h2 class=\"wp-block-heading\">Mes d\u00e9marche :<\/h2>\n\n\n\n<p>Afin d&rsquo;\u00eatre continuellement inform\u00e9 de ce qui se passe actuellement en rapport avec mon sujet choisi, j&rsquo;utilise les flux RSS mis \u00e0 disposition par les sites d&rsquo;actualit\u00e9s tels que <a href=\"https:\/\/www.analyticsvidhya.com\/\" data-type=\"link\" data-id=\"https:\/\/www.it-connect.fr\/\" target=\"_blank\" rel=\"noreferrer noopener\">Analytics Vidhya<\/a>, <a href=\"https:\/\/research.google\/blog\/\" data-type=\"link\" data-id=\"https:\/\/www.it-connect.fr\/\" target=\"_blank\" rel=\"noreferrer noopener\">Google Research Blog<\/a> ou encore <a href=\"https:\/\/machinelearningmastery.com\/\" target=\"_blank\" rel=\"noreferrer noopener\">Machine Learning Mastery<\/a>.<\/p>\n\n\n\n<div style=\"height:20px\" aria-hidden=\"true\" class=\"wp-block-spacer wp-container-content-62aae154\"><\/div>\n\n\n\n<div class=\"wp-block-group is-vertical is-content-justification-stretch is-layout-flex wp-container-core-group-is-layout-353c4f5a wp-block-group-is-layout-flex\">\n<h2 class=\"wp-block-heading has-text-align-center is-style-text-subtitle is-style-text-subtitle--2\"><a href=\"https:\/\/www.analyticsvidhya.com\/\" data-type=\"link\" data-id=\"https:\/\/www.it-connect.fr\/\" target=\"_blank\" rel=\"noreferrer noopener\">Analytics Vidhya<\/a><\/h2>\n\n\n<ul class=\"is-grid columns-2 wp-block-rss\"><li class='wp-block-rss__item'><div class='wp-block-rss__item-title'><a href='https:\/\/www.analyticsvidhya.com\/blog\/2026\/05\/claude-finance-solutions\/'>Anthropic\u2019s 10 AI Agents are Redefining Finance Work<\/a><\/div><\/li><li class='wp-block-rss__item'><div class='wp-block-rss__item-title'><a href='https:\/\/www.analyticsvidhya.com\/blog\/2026\/05\/gemini-api-file-search\/'>Gemini API File Search: The Easy Way to Build RAG<\/a><\/div><\/li><li class='wp-block-rss__item'><div class='wp-block-rss__item-title'><a href='https:\/\/www.analyticsvidhya.com\/blog\/2026\/05\/open-source-libraries-to-fine-tune-llm-locally\/'>Top 10 Open-Source Libraries to Fine-Tune LLMs Locally<\/a><\/div><\/li><li class='wp-block-rss__item'><div class='wp-block-rss__item-title'><a href='https:\/\/www.analyticsvidhya.com\/blog\/2026\/05\/ml-intern-from-prompt-to-a-shipped-hugging-face-model\/'>ML Intern in Practice: From Prompt to a Shipped Hugging Face Model\u00a0<\/a><\/div><\/li><li class='wp-block-rss__item'><div class='wp-block-rss__item-title'><a href='https:\/\/www.analyticsvidhya.com\/blog\/2026\/05\/solved-agentic-ai-projects-with-github-links\/'>15+ Solved Agentic AI Projects with Github Links<\/a><\/div><\/li><\/ul>\n\n\n<div style=\"height:20px\" aria-hidden=\"true\" class=\"wp-block-spacer wp-container-content-62aae154\"><\/div>\n<\/div>\n\n\n\n<div class=\"wp-block-group is-vertical is-content-justification-stretch is-layout-flex wp-container-core-group-is-layout-353c4f5a wp-block-group-is-layout-flex\">\n<h2 class=\"wp-block-heading has-text-align-center is-style-text-subtitle is-style-text-subtitle--3\"><a href=\"https:\/\/research.google\/blog\/\" data-type=\"link\" data-id=\"https:\/\/www.it-connect.fr\/\" target=\"_blank\" rel=\"noreferrer noopener\">Google Research Blog<\/a><\/h2>\n\n\n<ul class=\"is-grid columns-2 wp-block-rss\"><li class='wp-block-rss__item'><div class='wp-block-rss__item-title'><a href='https:\/\/research.google\/blog\/catalyzing-scientific-impact-through-global-partnerships-and-open-resources\/'>Catalyzing scientific impact through global partnerships and open resources<\/a><\/div><\/li><li class='wp-block-rss__item'><div class='wp-block-rss__item-title'><a href='https:\/\/research.google\/blog\/four-ways-google-research-scientists-have-been-using-empirical-research-assistance\/'>Four ways Google Research scientists have been using Empirical Research Assistance<\/a><\/div><\/li><li class='wp-block-rss__item'><div class='wp-block-rss__item-title'><a href='https:\/\/research.google\/blog\/its-all-about-the-angle-your-photos-re-composed\/'>It&#039;s all about the angle: Your photos, re-composed<\/a><\/div><\/li><li class='wp-block-rss__item'><div class='wp-block-rss__item-title'><a href='https:\/\/research.google\/blog\/reasoningbank-enabling-agents-to-learn-from-experience\/'>ReasoningBank: Enabling agents to learn from experience<\/a><\/div><\/li><li class='wp-block-rss__item'><div class='wp-block-rss__item-title'><a href='https:\/\/research.google\/blog\/designing-synthetic-datasets-for-the-real-world-mechanism-design-and-reasoning-from-first-principles\/'>Designing synthetic datasets for the real world: Mechanism design and reasoning from first principles<\/a><\/div><\/li><\/ul>\n\n\n<div style=\"height:20px\" aria-hidden=\"true\" class=\"wp-block-spacer wp-container-content-62aae154\"><\/div>\n<\/div>\n\n\n\n<div class=\"wp-block-group is-vertical is-content-justification-stretch is-layout-flex wp-container-core-group-is-layout-353c4f5a wp-block-group-is-layout-flex\">\n<h2 class=\"wp-block-heading has-text-align-center is-style-text-subtitle is-style-text-subtitle--4\"><a href=\"https:\/\/machinelearningmastery.com\/\" data-type=\"link\" data-id=\"https:\/\/www.it-connect.fr\/\" target=\"_blank\" rel=\"noreferrer noopener\"><\/a><a href=\"https:\/\/machinelearningmastery.com\/\" target=\"_blank\" rel=\"noreferrer noopener\">Machine Learning Mastery<\/a><\/h2>\n\n\n<ul class=\"is-grid columns-2 wp-block-rss\"><li class='wp-block-rss__item'><div class='wp-block-rss__item-title'><a href='https:\/\/machinelearningmastery.com\/implementing-statistical-guardrails-for-non-deterministic-agents\/'>Implementing Statistical Guardrails for Non-Deterministic Agents<\/a><\/div><\/li><li class='wp-block-rss__item'><div class='wp-block-rss__item-title'><a href='https:\/\/machinelearningmastery.com\/agentic-rag-explained-in-3-levels-of-difficulty\/'>Agentic RAG Explained in 3 Levels of Difficulty<\/a><\/div><\/li><li class='wp-block-rss__item'><div class='wp-block-rss__item-title'><a href='https:\/\/machinelearningmastery.com\/effective-kv-compression-with-turboquant\/'>Effective KV Compression with TurboQuant<\/a><\/div><\/li><li class='wp-block-rss__item'><div class='wp-block-rss__item-title'><a href='https:\/\/machinelearningmastery.com\/building-ai-agents-in-python-with-pydantic-ai\/'>Building AI Agents in Python with Pydantic AI<\/a><\/div><\/li><li class='wp-block-rss__item'><div class='wp-block-rss__item-title'><a href='https:\/\/machinelearningmastery.com\/effective-context-engineering-for-ai-agents-a-developers-guide\/'>Effective Context Engineering for AI Agents: A Developer\u2019s Guide<\/a><\/div><\/li><\/ul>\n\n\n<div style=\"height:20px\" aria-hidden=\"true\" class=\"wp-block-spacer wp-container-content-62aae154\"><\/div>\n<\/div>\n\n\n\n<div class=\"wp-block-group is-vertical is-content-justification-stretch is-layout-flex wp-container-core-group-is-layout-353c4f5a wp-block-group-is-layout-flex\">\n<h2 class=\"wp-block-heading has-text-align-center is-style-text-subtitle is-style-text-subtitle--5\"><a href=\"https:\/\/www.lemondeinformatique.fr\/\" target=\"_blank\" rel=\"noreferrer noopener\">Le Monde Informatique<\/a><\/h2>\n\n\n<ul class=\"is-grid columns-2 wp-block-rss\"><li class='wp-block-rss__item'><div class='wp-block-rss__item-title'><a href='https:\/\/www.lemondeinformatique.fr\/actualites\/lire-le-ministere-des-armees-recrute-chez-guardia-cybersecurity-school-100125.html'>Le minist\u00e8re des Arm\u00e9es recrute chez Guardia Cybersecurity School<\/a><\/div><\/li><li class='wp-block-rss__item'><div class='wp-block-rss__item-title'><a href='https:\/\/www.lemondeinformatique.fr\/actualites\/lire-la-restriction-de-l-utilisation-des-api-tiers-par-sap-irrite-100123.html'>La restriction de l&#039;utilisation des API tiers par SAP irrite<\/a><\/div><\/li><li class='wp-block-rss__item'><div class='wp-block-rss__item-title'><a href='https:\/\/www.lemondeinformatique.fr\/actualites\/lire-les-problemes-de-securite-des-agents-openclaw-perdurent-100083.html'>Les probl\u00e8mes de s\u00e9curit\u00e9 des agents OpenClaw perdurent<\/a><\/div><\/li><li class='wp-block-rss__item'><div class='wp-block-rss__item-title'><a href='https:\/\/www.lemondeinformatique.fr\/actualites\/lire-servicenow-enrichit-son-catalogue-d-agents-ia-100122.html'>ServiceNow enrichit son catalogue d&#039;agents IA<\/a><\/div><\/li><li class='wp-block-rss__item'><div class='wp-block-rss__item-title'><a href='https:\/\/www.lemondeinformatique.fr\/actualites\/lire-l-ia-aide-bmw-a-ameliorer-la-conception-des-batteries-100084.html'>L&#039;IA aide BMW \u00e0 am\u00e9liorer la conception des batteries<\/a><\/div><\/li><\/ul>\n\n\n<div style=\"height:20px\" aria-hidden=\"true\" class=\"wp-block-spacer wp-container-content-62aae154\"><\/div>\n<\/div>\n\n\n\n<div class=\"wp-block-group is-vertical is-content-justification-stretch is-layout-flex wp-container-core-group-is-layout-353c4f5a wp-block-group-is-layout-flex\">\n<h2 class=\"wp-block-heading has-text-align-center is-style-text-subtitle is-style-text-subtitle--6\"><a href=\"https:\/\/www.lesnumeriques.com\/\" target=\"_blank\" rel=\"noreferrer noopener\">Les Numeriques<\/a><\/h2>\n\n\n<ul class=\"is-grid columns-2 wp-block-rss\"><li class='wp-block-rss__item'><div class='wp-block-rss__item-title'><a href='https:\/\/www.lesnumeriques.com\/intelligence-artificielle\/claude-usages-doubles-partenariat-avec-spacex-anthropic-vient-de-decrocher-un-deal-monstre-avec-elon-musk-n255572.html'>Actualit\u00e9 : Claude : usages doubl\u00e9s, partenariat avec SpaceX, Anthropic vient de d\u00e9crocher un deal monstre avec&#8230; Elon Musk<\/a><\/div><\/li><li class='wp-block-rss__item'><div class='wp-block-rss__item-title'><a href='https:\/\/www.lesnumeriques.com\/intelligence-artificielle\/gpt-5-5-instant-openai-remplace-le-moteur-de-chatgpt-avec-moins-d-hallucinations-et-plus-de-memoire-n255482.html'>Actualit\u00e9 : GPT-5.5 Instant : OpenAI remplace le moteur de ChatGPT, avec moins d&#039;hallucinations et plus de m\u00e9moire<\/a><\/div><\/li><li class='wp-block-rss__item'><div class='wp-block-rss__item-title'><a href='https:\/\/www.lesnumeriques.com\/intelligence-artificielle\/une-ia-a-ete-testee-sur-de-vrais-patients-aux-urgences-elle-a-surpasse-les-medecins-n255425.html'>Actualit\u00e9 : Une IA a \u00e9t\u00e9 test\u00e9e sur de vrais patients aux urgences : elle a surpass\u00e9 les m\u00e9decins<\/a><\/div><\/li><li class='wp-block-rss__item'><div class='wp-block-rss__item-title'><a href='https:\/\/www.lesnumeriques.com\/intelligence-artificielle\/l-administration-trump-refuse-que-l-europe-utilise-mythos-et-se-reserve-l-ia-la-plus-dangereuse-au-monde-n255411.html'>Actualit\u00e9 : L&#039;administration Trump refuse que l&#039;Europe utilise Mythos et se r\u00e9serve l&#039;IA &quot;la plus dangereuse au monde&quot;<\/a><\/div><\/li><li class='wp-block-rss__item'><div class='wp-block-rss__item-title'><a href='https:\/\/www.lesnumeriques.com\/intelligence-artificielle\/chatgpt-gratuit-n-est-plus-vraiment-gratuit-openai-vous-fait-desormais-payer-en-donnees-publicitaires-n255394.html'>Actualit\u00e9 : ChatGPT gratuit n&#039;est plus vraiment gratuit : OpenAI vous fait d\u00e9sormais payer en donn\u00e9es publicitaires<\/a><\/div><\/li><\/ul>\n\n\n<div style=\"height:20px\" aria-hidden=\"true\" class=\"wp-block-spacer wp-container-content-62aae154\"><\/div>\n<\/div>\n\n\n\n<div class=\"wp-block-group is-vertical is-content-justification-stretch is-layout-flex wp-container-core-group-is-layout-353c4f5a wp-block-group-is-layout-flex\">\n<h2 class=\"wp-block-heading has-text-align-center is-style-text-subtitle is-style-text-subtitle--7\"><a href=\"https:\/\/www.lesnumeriques.com\/\" target=\"_blank\" rel=\"noreferrer noopener\">IBM<\/a><\/h2>\n\n\n<ul class=\"is-grid columns-2 wp-block-rss\"><li class='wp-block-rss__item'><div class='wp-block-rss__item-title'><a href='https:\/\/newsroom.ibm.com\/2026-05-06-ibm-consulting-expands-ai-capabilities-to-accelerate-enterprise-transformation'>IBM Consulting Expands AI Capabilities to Accelerate Enterprise Transformation<\/a><\/div><\/li><li class='wp-block-rss__item'><div class='wp-block-rss__item-title'><a href='https:\/\/newsroom.ibm.com\/2026-05-05-ibm-and-aramco-explore-collaboration-to-accelerate-ai-and-innovation-across-saudi-arabia'>IBM and Aramco Explore Collaboration to Accelerate AI and Innovation Across Saudi Arabia<\/a><\/div><\/li><li class='wp-block-rss__item'><div class='wp-block-rss__item-title'><a href='https:\/\/newsroom.ibm.com\/2026-05-05-think-2026-ibm-delivers-the-blueprint-for-the-ai-operating-model-as-the-ai-divide-widens'>Think 2026: IBM Delivers the Blueprint for the AI Operating Model as the AI Divide Widens<\/a><\/div><\/li><li class='wp-block-rss__item'><div class='wp-block-rss__item-title'><a href='https:\/\/newsroom.ibm.com\/2026-05-05-think-2026-ibm-makes-digital-sovereignty-operational-with-general-availability-of-ibm-sovereign-core'>Think 2026: IBM Makes Digital Sovereignty Operational with General Availability of IBM Sovereign Core<\/a><\/div><\/li><li class='wp-block-rss__item'><div class='wp-block-rss__item-title'><a href='https:\/\/newsroom.ibm.com\/2026-05-04-media-alert-ibm-ceo-arvind-krishna-to-open-ibm-think-2026,-outlining-how-ai-and-quantum-will-define-the-enterprise'>MEDIA ALERT: IBM CEO ARVIND KRISHNA TO OPEN IBM THINK 2026, OUTLINING HOW AI AND QUANTUM WILL DEFINE THE ENTERPRISE<\/a><\/div><\/li><\/ul>\n\n\n<div style=\"height:20px\" aria-hidden=\"true\" class=\"wp-block-spacer wp-container-content-62aae154\"><\/div>\n<\/div>\n\n\n\n\n<\/div>\n\n\n","protected":false},"excerpt":{"rendered":"<p>Dans le cadre de mon BTS, je dois r\u00e9aliser un portfolio ainsi que mettre en place une veille technologique sur un sujet en rapport avec mon projet professionnel avec le th\u00e8me de l&rsquo;informatique, j&rsquo;ai choisi comme sujet : L&rsquo;IA, les menace et ce qu&rsquo;elle peut apporter dans notre domaine d&rsquo;activit\u00e9s. Pourquoi ce sujet plut\u00f4t qu&rsquo;un [&hellip;]<\/p>\n","protected":false},"author":1,"featured_media":0,"parent":0,"menu_order":0,"comment_status":"closed","ping_status":"closed","template":"","meta":{"footnotes":""},"class_list":["post-308","page","type-page","status-publish","hentry"],"_links":{"self":[{"href":"https:\/\/theo.app.ndlpavranches.fr\/index.php?rest_route=\/wp\/v2\/pages\/308","targetHints":{"allow":["GET"]}}],"collection":[{"href":"https:\/\/theo.app.ndlpavranches.fr\/index.php?rest_route=\/wp\/v2\/pages"}],"about":[{"href":"https:\/\/theo.app.ndlpavranches.fr\/index.php?rest_route=\/wp\/v2\/types\/page"}],"author":[{"embeddable":true,"href":"https:\/\/theo.app.ndlpavranches.fr\/index.php?rest_route=\/wp\/v2\/users\/1"}],"replies":[{"embeddable":true,"href":"https:\/\/theo.app.ndlpavranches.fr\/index.php?rest_route=%2Fwp%2Fv2%2Fcomments&post=308"}],"version-history":[{"count":38,"href":"https:\/\/theo.app.ndlpavranches.fr\/index.php?rest_route=\/wp\/v2\/pages\/308\/revisions"}],"predecessor-version":[{"id":529,"href":"https:\/\/theo.app.ndlpavranches.fr\/index.php?rest_route=\/wp\/v2\/pages\/308\/revisions\/529"}],"wp:attachment":[{"href":"https:\/\/theo.app.ndlpavranches.fr\/index.php?rest_route=%2Fwp%2Fv2%2Fmedia&parent=308"}],"curies":[{"name":"wp","href":"https:\/\/api.w.org\/{rel}","templated":true}]}}