{"id":30,"date":"2025-12-06T18:43:03","date_gmt":"2025-12-06T17:43:03","guid":{"rendered":"https:\/\/theo.app.ndlpavranches.fr\/?page_id=30"},"modified":"2026-02-11T15:51:27","modified_gmt":"2026-02-11T14:51:27","slug":"mes-experiences-professionnelles","status":"publish","type":"page","link":"https:\/\/theo.app.ndlpavranches.fr\/?page_id=30","title":{"rendered":"Mes exp\u00e9riences professionnelles :"},"content":{"rendered":"\n<div style=\"height:50px\" aria-hidden=\"true\" class=\"wp-block-spacer\"><\/div>\n\n\n\n<div class=\"wp-block-group is-content-justification-space-between is-nowrap is-layout-flex wp-container-core-group-is-layout-cb46ffcb wp-block-group-is-layout-flex\">\n<h3 class=\"wp-block-heading\"><strong>Centre Hospitalier<\/strong> Granville, France<\/h3>\n\n\n\n<p><em> 30 juin \u2013  4 juillet 2025<\/em><\/p>\n<\/div>\n\n\n\n<pre class=\"wp-block-verse\">Ajout de fonctionnalit\u00e9s sur un programme Python visant \u00e0 am\u00e9liorer la confidentialit\u00e9. R\u00e9daction d'une documentation technique sur l'installation du programme.<\/pre>\n\n\n\n<div style=\"height:50px\" aria-hidden=\"true\" class=\"wp-block-spacer\"><\/div>\n\n\n\n<div class=\"wp-block-group is-content-justification-space-between is-nowrap is-layout-flex wp-container-core-group-is-layout-cb46ffcb wp-block-group-is-layout-flex\">\n<h3 class=\"wp-block-heading\"><strong>FIM<\/strong> Granville, France<\/h3>\n\n\n\n<p><em>24 f\u00e9vrier  \u2013 14 mars 2025<\/em><\/p>\n<\/div>\n\n\n\n<pre class=\"wp-block-verse\">Installation d\u2019un serveur FOG sur une distribution Debian dans un hyperviseur pour la capture et le d\u00e9ploiement d\u2019images. Remplacement des \u00e9crans dans une salle de cours, changement du vid\u00e9oprojecteur dans l\u2019amphith\u00e9\u00e2tre. Mise \u00e0 jour d\u2019une vingtaine d\u2019ordinateurs.<\/pre>\n\n\n\n<div style=\"height:50px\" aria-hidden=\"true\" class=\"wp-block-spacer\"><\/div>\n\n\n\n<div class=\"wp-block-group is-content-justification-space-between is-nowrap is-layout-flex wp-container-core-group-is-layout-cb46ffcb wp-block-group-is-layout-flex\">\n<h3 class=\"wp-block-heading\"><strong>Agence RT<\/strong> Granville, France<\/h3>\n\n\n\n<p><em>10 juin  \u2013 5 juillet 2024<\/em><\/p>\n<\/div>\n\n\n\n<pre class=\"wp-block-verse\">D\u00e9couverte du web design, \u00e9laboration d\u2019un carrousel d\u2019images<br>en utilisant HTML, CSS et JavaScript. Prise en main du web scraping, de ses biblioth\u00e8ques sous Python et affichage des<br>donn\u00e9es r\u00e9cup\u00e9r\u00e9es sur un site en local.<\/pre>\n\n\n\n<div style=\"height:50px\" aria-hidden=\"true\" class=\"wp-block-spacer\"><\/div>\n\n\n\n<div class=\"wp-block-group is-content-justification-space-between is-nowrap is-layout-flex wp-container-core-group-is-layout-cb46ffcb wp-block-group-is-layout-flex\">\n<h3 class=\"wp-block-heading\"><strong>Cri\u00e9e <\/strong>Granville, France<\/h3>\n\n\n\n<p><em>29 janvier  \u2013 23 f\u00e9vrier 2024<\/em><\/p>\n<\/div>\n\n\n\n<p>Pr\u00e9paration software d\u2019ordinateurs pour les bureaux et r\u00e9paration<br>hardware de la nappe d&rsquo;un \u00e9cran d\u2019ordinateur. Mise en place d\u2019un routeur sur un Raspberry Pi et cr\u00e9ation d\u2019un site PHP pour la gestion d\u2019une base de donn\u00e9es MySQL.<\/p>\n\n\n\n<div style=\"height:50px\" aria-hidden=\"true\" class=\"wp-block-spacer\"><\/div>\n\n\n\n<div class=\"wp-block-group is-content-justification-space-between is-nowrap is-layout-flex wp-container-core-group-is-layout-cb46ffcb wp-block-group-is-layout-flex\">\n<h3 class=\"wp-block-heading\"><strong>Archipel<\/strong> Granville, France<\/h3>\n\n\n\n<p><em>9 mai  \u2013 26 mai 2023<\/em><\/p>\n<\/div>\n\n\n\n<p>D\u00e9couverte du monde sc\u00e9nique et pr\u00e9paration de salles pour<br>des repr\u00e9sentations (d\u00e9cor, \u00e9clairage).<\/p>\n\n\n\n<div style=\"height:50px;width:0px\" aria-hidden=\"true\" class=\"wp-block-spacer\"><\/div>\n\n\n\n<div class=\"wp-block-group is-content-justification-space-between is-nowrap is-layout-flex wp-container-core-group-is-layout-cb46ffcb wp-block-group-is-layout-flex\">\n<h3 class=\"wp-block-heading\"><strong>Cri\u00e9e<\/strong> Granville, France<\/h3>\n\n\n\n<p><em>9 janvier  \u2013 27 janvier 2023<\/em><\/p>\n<\/div>\n\n\n\n<p>Perfectionnement des connaissances en Python et pr\u00e9paration<br>d\u2019un poste informatique pour l\u2019entreprise.<\/p>\n\n\n\n<div style=\"height:50px\" aria-hidden=\"true\" class=\"wp-block-spacer\"><\/div>\n\n\n\n<div class=\"wp-block-group is-content-justification-space-between is-nowrap is-layout-flex wp-container-core-group-is-layout-cb46ffcb wp-block-group-is-layout-flex\">\n<h3 class=\"wp-block-heading\"><strong>Factor FX<\/strong> Granville, France<\/h3>\n\n\n\n<p><em>18 avril  \u2013 22 avril 2022<\/em><\/p>\n<\/div>\n\n\n\n<p>D\u00e9couverte de la programmation Python, changement de la RAM<br>et installation de Linux sur un ordinateur ainsi que sur un serveur.<\/p>\n\n\n\n<div style=\"height:50px\" aria-hidden=\"true\" class=\"wp-block-spacer\"><\/div>\n\n\n\n<div class=\"wp-block-group is-content-justification-space-between is-nowrap is-layout-flex wp-container-core-group-is-layout-cb46ffcb wp-block-group-is-layout-flex\">\n<h3 class=\"wp-block-heading\"><strong>Roc des Curiosit\u00e9s<\/strong> Granville, France<\/h3>\n\n\n\n<p><em>Janvier 2022<\/em><\/p>\n<\/div>\n\n\n\n<p>Pr\u00e9paration des bassins, de l\u2019arriv\u00e9e des nouveaux poissons et<br>de leur alimentation (mesures, dosages, m\u00e9dication).<\/p>\n","protected":false},"excerpt":{"rendered":"<p>Centre Hospitalier Granville, France 30 juin \u2013 4 juillet 2025 Ajout de fonctionnalit\u00e9s sur un programme Python visant \u00e0 am\u00e9liorer la confidentialit\u00e9. R\u00e9daction d&rsquo;une documentation technique sur l&rsquo;installation du programme. FIM Granville, France 24 f\u00e9vrier \u2013 14 mars 2025 Installation d\u2019un serveur FOG sur une distribution Debian dans un hyperviseur pour la capture et le [&hellip;]<\/p>\n","protected":false},"author":1,"featured_media":0,"parent":0,"menu_order":0,"comment_status":"closed","ping_status":"closed","template":"","meta":{"footnotes":""},"class_list":["post-30","page","type-page","status-publish","hentry"],"_links":{"self":[{"href":"https:\/\/theo.app.ndlpavranches.fr\/index.php?rest_route=\/wp\/v2\/pages\/30","targetHints":{"allow":["GET"]}}],"collection":[{"href":"https:\/\/theo.app.ndlpavranches.fr\/index.php?rest_route=\/wp\/v2\/pages"}],"about":[{"href":"https:\/\/theo.app.ndlpavranches.fr\/index.php?rest_route=\/wp\/v2\/types\/page"}],"author":[{"embeddable":true,"href":"https:\/\/theo.app.ndlpavranches.fr\/index.php?rest_route=\/wp\/v2\/users\/1"}],"replies":[{"embeddable":true,"href":"https:\/\/theo.app.ndlpavranches.fr\/index.php?rest_route=%2Fwp%2Fv2%2Fcomments&post=30"}],"version-history":[{"count":59,"href":"https:\/\/theo.app.ndlpavranches.fr\/index.php?rest_route=\/wp\/v2\/pages\/30\/revisions"}],"predecessor-version":[{"id":280,"href":"https:\/\/theo.app.ndlpavranches.fr\/index.php?rest_route=\/wp\/v2\/pages\/30\/revisions\/280"}],"wp:attachment":[{"href":"https:\/\/theo.app.ndlpavranches.fr\/index.php?rest_route=%2Fwp%2Fv2%2Fmedia&parent=30"}],"curies":[{"name":"wp","href":"https:\/\/api.w.org\/{rel}","templated":true}]}}